{"id":750,"date":"2026-01-24T17:36:40","date_gmt":"2026-01-24T22:36:40","guid":{"rendered":"https:\/\/taxwylie.com\/?page_id=750"},"modified":"2026-01-24T17:37:37","modified_gmt":"2026-01-24T22:37:37","slug":"politica-de-privacidad","status":"publish","type":"page","link":"https:\/\/taxwylie.com\/en\/politica-de-privacidad\/","title":{"rendered":"Privacy policy"},"content":{"rendered":"<div data-elementor-type=\"wp-page\" data-elementor-id=\"750\" class=\"elementor elementor-750\" data-elementor-post-type=\"page\">\n\t\t\t\t<div class=\"has_eae_slider elementor-element elementor-element-b006fba e-flex e-con-boxed e-con e-parent\" data-eae-slider=\"67789\" data-id=\"b006fba\" data-element_type=\"container\" data-settings=\"{&quot;background_background&quot;:&quot;classic&quot;}\">\n\t\t\t\t\t<div class=\"e-con-inner\">\n\t\t\t\t<div class=\"elementor-element elementor-element-fbcce23 elementor-widget elementor-widget-heading\" data-id=\"fbcce23\" data-element_type=\"widget\" data-widget_type=\"heading.default\">\n\t\t\t\t\t<h2 class=\"elementor-heading-title elementor-size-default\">Privacy policy<\/h2>\t\t\t\t<\/div>\n\t\t\t\t\t<\/div>\n\t\t\t\t<\/div>\n\t\t<div class=\"has_eae_slider elementor-element elementor-element-e8ed41e e-flex e-con-boxed e-con e-parent\" data-eae-slider=\"40219\" data-id=\"e8ed41e\" data-element_type=\"container\">\n\t\t\t\t\t<div class=\"e-con-inner\">\n\t\t\t\t<div class=\"elementor-element elementor-element-f265f59 elementor-widget elementor-widget-text-editor\" data-id=\"f265f59\" data-element_type=\"widget\" data-widget_type=\"text-editor.default\">\n\t\t\t\t\t\t\t\t\t<h2 data-start=\"499\" data-end=\"544\"><strong data-start=\"502\" data-end=\"544\">Pol\u00edtica de Privacidad de TaxWylie LLC<\/strong><\/h2><p data-start=\"546\" data-end=\"608\"><strong data-start=\"546\" data-end=\"571\">\u00daltima actualizaci\u00f3n:<\/strong> 05 de Enero del 2026<br data-start=\"579\" data-end=\"582\" \/><strong data-start=\"582\" data-end=\"600\">Vigente desde:<\/strong> Enero 2026<\/p><p data-start=\"610\" data-end=\"1174\">En <strong data-start=\"613\" data-end=\"629\">TaxWylie LLC<\/strong>, valoramos tu confianza y estamos comprometidos con proteger tu informaci\u00f3n personal. Esta Pol\u00edtica de Privacidad explica qu\u00e9 <strong data-start=\"805\" data-end=\"832\">informaci\u00f3n recopilamos<\/strong>, c\u00f3mo la usamos, con qui\u00e9n la compartimos, c\u00f3mo la protegemos y cu\u00e1les son tus derechos respecto a tus datos cuando visitas nuestro sitio web <a class=\"decorated-link\" href=\"https:\/\/taxwylie.com\/en\/?utm_source=chatgpt.com\" target=\"_new\" rel=\"noopener\" data-start=\"975\" data-end=\"996\">https:\/\/taxwylie.com\/<\/a> \u00a0y\/o utilizas nuestros servicios profesionales de impuestos, seguros, reparaci\u00f3n de cr\u00e9dito, formaci\u00f3n de empresas y otros servicios relacionados.<\/p><p data-start=\"1176\" data-end=\"1275\">Al acceder al Sitio o usar nuestros Servicios, aceptas los t\u00e9rminos de esta Pol\u00edtica de Privacidad.<\/p><hr data-start=\"1277\" data-end=\"1280\" \/><h3 data-start=\"1282\" data-end=\"1320\"><strong data-start=\"1286\" data-end=\"1320\">1. Informaci\u00f3n que recopilamos<\/strong><\/h3><p data-start=\"1322\" data-end=\"1423\">Recopilamos datos para poder brindar nuestros Servicios y mejorar tu experiencia. Esto puede incluir:<\/p><p data-start=\"1425\" data-end=\"1495\"><strong data-start=\"1425\" data-end=\"1486\">A. Informaci\u00f3n personal proporcionada directamente por ti<\/strong>, como:<\/p><ul data-start=\"1496\" data-end=\"1898\"><li data-start=\"1496\" data-end=\"1515\"><p data-start=\"1498\" data-end=\"1515\">Nombre completo<\/p><\/li><li data-start=\"1516\" data-end=\"1586\"><p data-start=\"1518\" data-end=\"1586\">Datos de contacto (correo electr\u00f3nico, tel\u00e9fono, direcci\u00f3n postal)<\/p><\/li><li data-start=\"1587\" data-end=\"1692\"><p data-start=\"1589\" data-end=\"1692\">Identificadores fiscales (por ejemplo, ITIN, SSN u otros cuando sea necesario para brindar servicios)<\/p><\/li><li data-start=\"1693\" data-end=\"1768\"><p data-start=\"1695\" data-end=\"1768\">Informaci\u00f3n financiera relacionada con tus impuestos, seguros o cr\u00e9dito<\/p><\/li><li data-start=\"1769\" data-end=\"1855\"><p data-start=\"1771\" data-end=\"1855\">Documentos que env\u00edas con fines de preparaci\u00f3n de impuestos o registro de negocios<\/p><\/li><li data-start=\"1856\" data-end=\"1898\"><p data-start=\"1858\" data-end=\"1898\">Mensajes y comunicaciones que nos env\u00edas<\/p><\/li><\/ul><p data-start=\"1900\" data-end=\"1971\"><strong data-start=\"1900\" data-end=\"1962\">B. Informaci\u00f3n recogida autom\u00e1ticamente a trav\u00e9s del Sitio<\/strong>, como:<\/p><ul data-start=\"1972\" data-end=\"2119\"><li data-start=\"1972\" data-end=\"2038\"><p data-start=\"1974\" data-end=\"2038\">Datos t\u00e9cnicos del navegador (direcci\u00f3n IP, tipo de navegador)<\/p><\/li><li data-start=\"2039\" data-end=\"2085\"><p data-start=\"2041\" data-end=\"2085\">P\u00e1ginas visitadas y tiempos de permanencia<\/p><\/li><li data-start=\"2086\" data-end=\"2119\"><p data-start=\"2088\" data-end=\"2119\">Cookies y tecnolog\u00edas similares<\/p><\/li><\/ul><p data-start=\"2121\" data-end=\"2227\">Estos datos ayudan a mejorar la funcionalidad y seguridad del Sitio.<\/p><hr data-start=\"2229\" data-end=\"2232\" \/><h3 data-start=\"2234\" data-end=\"2273\"><strong data-start=\"2238\" data-end=\"2273\">2. \u00bfC\u00f3mo usamos tu informaci\u00f3n?<\/strong><\/h3><p data-start=\"2275\" data-end=\"2336\">Utilizamos tu informaci\u00f3n personal para los siguientes fines:<\/p><ul data-start=\"2338\" data-end=\"2837\"><li data-start=\"2338\" data-end=\"2443\"><p data-start=\"2340\" data-end=\"2443\"><strong data-start=\"2340\" data-end=\"2370\">Prestar nuestros Servicios<\/strong>, como preparaci\u00f3n de impuestos, asesor\u00eda y otros servicios financieros<\/p><\/li><li data-start=\"2444\" data-end=\"2494\"><p data-start=\"2446\" data-end=\"2494\"><strong data-start=\"2446\" data-end=\"2492\">Responder a tus consultas y comunicaciones<\/strong><\/p><\/li><li data-start=\"2495\" data-end=\"2539\"><p data-start=\"2497\" data-end=\"2539\">Gestionar citas, cotizaciones y reservas<\/p><\/li><li data-start=\"2540\" data-end=\"2647\"><p data-start=\"2542\" data-end=\"2647\">Cumplir con obligaciones legales o regulatorias (por ejemplo, requerimientos del IRS en Estados Unidos)<\/p><\/li><li data-start=\"2648\" data-end=\"2710\"><p data-start=\"2650\" data-end=\"2710\">Mejorar el contenido, seguridad y funcionamiento del Sitio<\/p><\/li><li data-start=\"2711\" data-end=\"2837\"><p data-start=\"2713\" data-end=\"2837\">Enviarte actualizaciones, informaci\u00f3n relevante sobre nuestros Servicios o comunicados (cuando hayas dado tu consentimiento)<\/p><\/li><\/ul><hr data-start=\"2839\" data-end=\"2842\" \/><h3 data-start=\"2844\" data-end=\"2879\"><strong data-start=\"2848\" data-end=\"2879\">3. Compartir la informaci\u00f3n<\/strong><\/h3><p data-start=\"2881\" data-end=\"3017\">No vendemos ni alquilamos tu informaci\u00f3n personal a terceros con fines de marketing. Podemos compartir informaci\u00f3n cuando sea necesario:<\/p><ul data-start=\"3019\" data-end=\"3338\"><li data-start=\"3019\" data-end=\"3090\"><p data-start=\"3021\" data-end=\"3090\">Con <strong data-start=\"3025\" data-end=\"3065\">autoridades o entidades regulatorias<\/strong> cuando lo exija la ley<\/p><\/li><li data-start=\"3091\" data-end=\"3244\"><p data-start=\"3093\" data-end=\"3244\">Con <strong data-start=\"3097\" data-end=\"3136\">proveedores de servicios confiables<\/strong> que apoyan la operaci\u00f3n del Sitio o la prestaci\u00f3n de Servicios, siempre bajo acuerdos de confidencialidad<\/p><\/li><li data-start=\"3245\" data-end=\"3338\"><p data-start=\"3247\" data-end=\"3338\">Con asesores legales o contables cuando sea necesario para cumplir con obligaciones legales<\/p><\/li><\/ul><p data-start=\"3340\" data-end=\"3468\">Salvo lo anterior, no compartimos tu informaci\u00f3n personal sin tu consentimiento expl\u00edcito.<\/p><hr data-start=\"3470\" data-end=\"3473\" \/><h3 data-start=\"3475\" data-end=\"3517\"><strong data-start=\"3479\" data-end=\"3517\">4. Cookies y tecnolog\u00edas similares<\/strong><\/h3><p data-start=\"3519\" data-end=\"3800\">Utilizamos cookies y tecnolog\u00edas semejantes para recopilar datos de uso del Sitio (por ejemplo, p\u00e1ginas visitadas, preferencias de navegaci\u00f3n) con fines anal\u00edticos y operativos. Puedes desactivar las cookies desde tu navegador, aunque esto puede afectar la funcionalidad del Sitio.<\/p><hr data-start=\"3802\" data-end=\"3805\" \/><h3 data-start=\"3807\" data-end=\"3840\"><strong data-start=\"3811\" data-end=\"3840\">5. Seguridad de los datos<\/strong><\/h3><p data-start=\"3842\" data-end=\"4071\">Implementamos medidas t\u00e9cnicas y organizativas razonables para proteger tu informaci\u00f3n contra p\u00e9rdida, acceso no autorizado, alteraci\u00f3n o divulgaci\u00f3n. Sin embargo, ninguna transmisi\u00f3n por internet puede garantizarse 100 % segura.<\/p><hr data-start=\"4073\" data-end=\"4076\" \/><h3 data-start=\"4078\" data-end=\"4107\"><strong data-start=\"4082\" data-end=\"4107\">6. Retenci\u00f3n de datos<\/strong><\/h3><p data-start=\"4109\" data-end=\"4278\">Conservamos tu informaci\u00f3n personal durante el tiempo necesario para cumplir con los fines descritos en esta pol\u00edtica o para cumplir con obligaciones legales aplicables.<\/p><hr data-start=\"4280\" data-end=\"4283\" \/><h3 data-start=\"4285\" data-end=\"4308\"><strong data-start=\"4289\" data-end=\"4308\">7. Tus derechos<\/strong><\/h3><p data-start=\"4310\" data-end=\"4413\">De acuerdo con las leyes aplicables, puedes tener derechos relacionados con tus datos personales, como:<\/p><ul data-start=\"4415\" data-end=\"4591\"><li data-start=\"4415\" data-end=\"4447\"><p data-start=\"4417\" data-end=\"4447\">Solicitar acceso a tus datos<\/p><\/li><li data-start=\"4448\" data-end=\"4491\"><p data-start=\"4450\" data-end=\"4491\">Solicitar correcci\u00f3n de datos inexactos<\/p><\/li><li data-start=\"4492\" data-end=\"4546\"><p data-start=\"4494\" data-end=\"4546\">Solicitar eliminaci\u00f3n o restricci\u00f3n de tratamiento<\/p><\/li><li data-start=\"4547\" data-end=\"4591\"><p data-start=\"4549\" data-end=\"4591\">Retirar tu consentimiento cuando aplique<\/p><\/li><\/ul><p data-start=\"4593\" data-end=\"4665\">Para ejercer tus derechos, puedes contactarnos como se indica m\u00e1s abajo.<\/p><hr data-start=\"4667\" data-end=\"4670\" \/><h3 data-start=\"4672\" data-end=\"4720\"><strong data-start=\"4676\" data-end=\"4720\">8. Cambios a esta Pol\u00edtica de Privacidad<\/strong><\/h3><p data-start=\"4722\" data-end=\"4910\">Podemos actualizar esta pol\u00edtica para adaptarnos a nuevas leyes o mejoras operativas. Publicaremos la versi\u00f3n actualizada en este Sitio y actualizaremos la <strong data-start=\"4878\" data-end=\"4899\">fecha de vigencia<\/strong> al inicio.<\/p><hr data-start=\"4912\" data-end=\"4915\" \/><h3 data-start=\"4917\" data-end=\"4936\"><strong data-start=\"4921\" data-end=\"4936\">9. Contacto<\/strong><\/h3><p data-start=\"4938\" data-end=\"5053\">Si tienes preguntas, inquietudes o deseas ejercer tus derechos sobre tus datos personales, puedes contactarnos por:<\/p><p data-start=\"5055\" data-end=\"5181\">\ud83d\udce7 <strong data-start=\"5058\" data-end=\"5081\">Correo electr\u00f3nico:<\/strong> <a class=\"decorated-link cursor-pointer\" rel=\"noopener\" data-start=\"5082\" data-end=\"5101\">raymar@taxwylie.com<\/a><br data-start=\"5101\" data-end=\"5104\" \/>\ud83d\udccd <strong data-start=\"5107\" data-end=\"5121\">Direcci\u00f3n:<\/strong> 2801 W FM 544 Suite 107, Wylie, Texas 75098, Estados Unidos<\/p>\t\t\t\t\t\t\t\t<\/div>\n\t\t\t\t\t<\/div>\n\t\t\t\t<\/div>\n\t\t\t\t<\/div>","protected":false},"excerpt":{"rendered":"<p>Pol\u00edtica de Privacidad Pol\u00edtica de Privacidad de TaxWylie LLC \u00daltima actualizaci\u00f3n: 05 de Enero del 2026Vigente desde: Enero 2026 En TaxWylie LLC, valoramos tu confianza y estamos comprometidos con proteger tu informaci\u00f3n personal. Esta Pol\u00edtica de Privacidad explica qu\u00e9 informaci\u00f3n recopilamos, c\u00f3mo la usamos, con qui\u00e9n la compartimos, c\u00f3mo la protegemos y cu\u00e1les son tus [&hellip;]<\/p>\n","protected":false},"author":1,"featured_media":0,"parent":0,"menu_order":0,"comment_status":"closed","ping_status":"closed","template":"","meta":{"_joinchat":[],"footnotes":""},"class_list":["post-750","page","type-page","status-publish","hentry"],"yoast_head":"<!-- This site is optimized with the Yoast SEO plugin v27.2 - https:\/\/yoast.com\/product\/yoast-seo-wordpress\/ -->\n<title>Pol\u00edtica de Privacidad - Taxwylie LLC<\/title>\n<meta name=\"robots\" content=\"index, follow, max-snippet:-1, max-image-preview:large, max-video-preview:-1\" \/>\n<link rel=\"canonical\" href=\"https:\/\/taxwylie.com\/en\/politica-de-privacidad\/\" \/>\n<meta property=\"og:locale\" content=\"en_US\" \/>\n<meta property=\"og:type\" content=\"article\" \/>\n<meta property=\"og:title\" content=\"Pol\u00edtica de Privacidad - Taxwylie LLC\" \/>\n<meta property=\"og:description\" content=\"Pol\u00edtica de Privacidad Pol\u00edtica de Privacidad de TaxWylie LLC \u00daltima actualizaci\u00f3n: 05 de Enero del 2026Vigente desde: Enero 2026 En TaxWylie LLC, valoramos tu confianza y estamos comprometidos con proteger tu informaci\u00f3n personal. Esta Pol\u00edtica de Privacidad explica qu\u00e9 informaci\u00f3n recopilamos, c\u00f3mo la usamos, con qui\u00e9n la compartimos, c\u00f3mo la protegemos y cu\u00e1les son tus [&hellip;]\" \/>\n<meta property=\"og:url\" content=\"https:\/\/taxwylie.com\/en\/politica-de-privacidad\/\" \/>\n<meta property=\"og:site_name\" content=\"Taxwylie LLC\" \/>\n<meta property=\"article:modified_time\" content=\"2026-01-24T22:37:37+00:00\" \/>\n<meta name=\"twitter:card\" content=\"summary_large_image\" \/>\n<meta name=\"twitter:label1\" content=\"Est. reading time\" \/>\n\t<meta name=\"twitter:data1\" content=\"3 minutes\" \/>\n<script type=\"application\/ld+json\" class=\"yoast-schema-graph\">{\"@context\":\"https:\/\/schema.org\",\"@graph\":[{\"@type\":\"WebPage\",\"@id\":\"https:\/\/taxwylie.com\/politica-de-privacidad\/\",\"url\":\"https:\/\/taxwylie.com\/politica-de-privacidad\/\",\"name\":\"Pol\u00edtica de Privacidad - Taxwylie LLC\",\"isPartOf\":{\"@id\":\"https:\/\/taxwylie.com\/#website\"},\"datePublished\":\"2026-01-24T22:36:40+00:00\",\"dateModified\":\"2026-01-24T22:37:37+00:00\",\"breadcrumb\":{\"@id\":\"https:\/\/taxwylie.com\/politica-de-privacidad\/#breadcrumb\"},\"inLanguage\":\"en-US\",\"potentialAction\":[{\"@type\":\"ReadAction\",\"target\":[\"https:\/\/taxwylie.com\/politica-de-privacidad\/\"]}]},{\"@type\":\"BreadcrumbList\",\"@id\":\"https:\/\/taxwylie.com\/politica-de-privacidad\/#breadcrumb\",\"itemListElement\":[{\"@type\":\"ListItem\",\"position\":1,\"name\":\"Portada\",\"item\":\"https:\/\/taxwylie.com\/\"},{\"@type\":\"ListItem\",\"position\":2,\"name\":\"Pol\u00edtica de Privacidad\"}]},{\"@type\":\"WebSite\",\"@id\":\"https:\/\/taxwylie.com\/#website\",\"url\":\"https:\/\/taxwylie.com\/\",\"name\":\"Taxwylie LLC\",\"description\":\"Seguros, Cr\u00e9ditos y Taxes en EE. UU.\",\"publisher\":{\"@id\":\"https:\/\/taxwylie.com\/#organization\"},\"potentialAction\":[{\"@type\":\"SearchAction\",\"target\":{\"@type\":\"EntryPoint\",\"urlTemplate\":\"https:\/\/taxwylie.com\/?s={search_term_string}\"},\"query-input\":{\"@type\":\"PropertyValueSpecification\",\"valueRequired\":true,\"valueName\":\"search_term_string\"}}],\"inLanguage\":\"en-US\"},{\"@type\":\"Organization\",\"@id\":\"https:\/\/taxwylie.com\/#organization\",\"name\":\"Taxwylie LLC\",\"url\":\"https:\/\/taxwylie.com\/\",\"logo\":{\"@type\":\"ImageObject\",\"inLanguage\":\"en-US\",\"@id\":\"https:\/\/taxwylie.com\/#\/schema\/logo\/image\/\",\"url\":\"https:\/\/taxwylie.com\/wp-content\/uploads\/2025\/10\/logo-1.webp\",\"contentUrl\":\"https:\/\/taxwylie.com\/wp-content\/uploads\/2025\/10\/logo-1.webp\",\"width\":260,\"height\":89,\"caption\":\"Taxwylie LLC\"},\"image\":{\"@id\":\"https:\/\/taxwylie.com\/#\/schema\/logo\/image\/\"}}]}<\/script>\n<!-- \/ Yoast SEO plugin. -->","yoast_head_json":{"title":"Pol\u00edtica de Privacidad - Taxwylie LLC","robots":{"index":"index","follow":"follow","max-snippet":"max-snippet:-1","max-image-preview":"max-image-preview:large","max-video-preview":"max-video-preview:-1"},"canonical":"https:\/\/taxwylie.com\/en\/politica-de-privacidad\/","og_locale":"en_US","og_type":"article","og_title":"Pol\u00edtica de Privacidad - Taxwylie LLC","og_description":"Pol\u00edtica de Privacidad Pol\u00edtica de Privacidad de TaxWylie LLC \u00daltima actualizaci\u00f3n: 05 de Enero del 2026Vigente desde: Enero 2026 En TaxWylie LLC, valoramos tu confianza y estamos comprometidos con proteger tu informaci\u00f3n personal. Esta Pol\u00edtica de Privacidad explica qu\u00e9 informaci\u00f3n recopilamos, c\u00f3mo la usamos, con qui\u00e9n la compartimos, c\u00f3mo la protegemos y cu\u00e1les son tus [&hellip;]","og_url":"https:\/\/taxwylie.com\/en\/politica-de-privacidad\/","og_site_name":"Taxwylie LLC","article_modified_time":"2026-01-24T22:37:37+00:00","twitter_card":"summary_large_image","twitter_misc":{"Est. reading time":"3 minutes"},"schema":{"@context":"https:\/\/schema.org","@graph":[{"@type":"WebPage","@id":"https:\/\/taxwylie.com\/politica-de-privacidad\/","url":"https:\/\/taxwylie.com\/politica-de-privacidad\/","name":"Pol\u00edtica de Privacidad - Taxwylie LLC","isPartOf":{"@id":"https:\/\/taxwylie.com\/#website"},"datePublished":"2026-01-24T22:36:40+00:00","dateModified":"2026-01-24T22:37:37+00:00","breadcrumb":{"@id":"https:\/\/taxwylie.com\/politica-de-privacidad\/#breadcrumb"},"inLanguage":"en-US","potentialAction":[{"@type":"ReadAction","target":["https:\/\/taxwylie.com\/politica-de-privacidad\/"]}]},{"@type":"BreadcrumbList","@id":"https:\/\/taxwylie.com\/politica-de-privacidad\/#breadcrumb","itemListElement":[{"@type":"ListItem","position":1,"name":"Portada","item":"https:\/\/taxwylie.com\/"},{"@type":"ListItem","position":2,"name":"Pol\u00edtica de Privacidad"}]},{"@type":"WebSite","@id":"https:\/\/taxwylie.com\/#website","url":"https:\/\/taxwylie.com\/","name":"Taxwylie LLC","description":"Seguros, Cr\u00e9ditos y Taxes en EE. UU.","publisher":{"@id":"https:\/\/taxwylie.com\/#organization"},"potentialAction":[{"@type":"SearchAction","target":{"@type":"EntryPoint","urlTemplate":"https:\/\/taxwylie.com\/?s={search_term_string}"},"query-input":{"@type":"PropertyValueSpecification","valueRequired":true,"valueName":"search_term_string"}}],"inLanguage":"en-US"},{"@type":"Organization","@id":"https:\/\/taxwylie.com\/#organization","name":"Taxwylie LLC","url":"https:\/\/taxwylie.com\/","logo":{"@type":"ImageObject","inLanguage":"en-US","@id":"https:\/\/taxwylie.com\/#\/schema\/logo\/image\/","url":"https:\/\/taxwylie.com\/wp-content\/uploads\/2025\/10\/logo-1.webp","contentUrl":"https:\/\/taxwylie.com\/wp-content\/uploads\/2025\/10\/logo-1.webp","width":260,"height":89,"caption":"Taxwylie LLC"},"image":{"@id":"https:\/\/taxwylie.com\/#\/schema\/logo\/image\/"}}]}},"_links":{"self":[{"href":"https:\/\/taxwylie.com\/en\/wp-json\/wp\/v2\/pages\/750","targetHints":{"allow":["GET"]}}],"collection":[{"href":"https:\/\/taxwylie.com\/en\/wp-json\/wp\/v2\/pages"}],"about":[{"href":"https:\/\/taxwylie.com\/en\/wp-json\/wp\/v2\/types\/page"}],"author":[{"embeddable":true,"href":"https:\/\/taxwylie.com\/en\/wp-json\/wp\/v2\/users\/1"}],"replies":[{"embeddable":true,"href":"https:\/\/taxwylie.com\/en\/wp-json\/wp\/v2\/comments?post=750"}],"version-history":[{"count":7,"href":"https:\/\/taxwylie.com\/en\/wp-json\/wp\/v2\/pages\/750\/revisions"}],"predecessor-version":[{"id":757,"href":"https:\/\/taxwylie.com\/en\/wp-json\/wp\/v2\/pages\/750\/revisions\/757"}],"wp:attachment":[{"href":"https:\/\/taxwylie.com\/en\/wp-json\/wp\/v2\/media?parent=750"}],"curies":[{"name":"wp","href":"https:\/\/api.w.org\/{rel}","templated":true}]}}